{"id":59,"date":"2022-11-12T11:58:30","date_gmt":"2022-11-12T11:58:30","guid":{"rendered":"https:\/\/sapdt.com\/?page_id=59"},"modified":"2026-01-28T15:16:59","modified_gmt":"2026-01-28T15:16:59","slug":"about-us","status":"publish","type":"page","link":"https:\/\/coldblueinvest.uk\/index.php\/about-us\/","title":{"rendered":"About Us"},"content":{"rendered":"\t\t<div data-elementor-type=\"wp-page\" data-elementor-id=\"59\" class=\"elementor elementor-59\">\n\t\t\t\t\t\t\t\t\t<section class=\"elementor-section elementor-top-section elementor-element elementor-element-b7a155b elementor-section-boxed elementor-section-height-default elementor-section-height-default\" data-id=\"b7a155b\" data-element_type=\"section\">\n\t\t\t\t\t\t<div class=\"elementor-container elementor-column-gap-default\">\n\t\t\t\t\t<div class=\"elementor-column elementor-col-100 elementor-top-column elementor-element elementor-element-d31f6fa\" data-id=\"d31f6fa\" data-element_type=\"column\">\n\t\t\t<div class=\"elementor-widget-wrap elementor-element-populated\">\n\t\t\t\t\t\t\t\t<div class=\"elementor-element elementor-element-2eebb82 elementor-widget elementor-widget-spacer\" data-id=\"2eebb82\" data-element_type=\"widget\" data-widget_type=\"spacer.default\">\n\t\t\t\t<div class=\"elementor-widget-container\">\n\t\t\t<style>\/*! elementor - v3.16.0 - 20-09-2023 *\/\n.elementor-column .elementor-spacer-inner{height:var(--spacer-size)}.e-con{--container-widget-width:100%}.e-con-inner>.elementor-widget-spacer,.e-con>.elementor-widget-spacer{width:var(--container-widget-width,var(--spacer-size));--align-self:var(--container-widget-align-self,initial);--flex-shrink:0}.e-con-inner>.elementor-widget-spacer>.elementor-widget-container,.e-con>.elementor-widget-spacer>.elementor-widget-container{height:100%;width:100%}.e-con-inner>.elementor-widget-spacer>.elementor-widget-container>.elementor-spacer,.e-con>.elementor-widget-spacer>.elementor-widget-container>.elementor-spacer{height:100%}.e-con-inner>.elementor-widget-spacer>.elementor-widget-container>.elementor-spacer>.elementor-spacer-inner,.e-con>.elementor-widget-spacer>.elementor-widget-container>.elementor-spacer>.elementor-spacer-inner{height:var(--container-widget-height,var(--spacer-size))}.e-con-inner>.elementor-widget-spacer.elementor-widget-empty,.e-con>.elementor-widget-spacer.elementor-widget-empty{position:relative;min-height:22px;min-width:22px}.e-con-inner>.elementor-widget-spacer.elementor-widget-empty .elementor-widget-empty-icon,.e-con>.elementor-widget-spacer.elementor-widget-empty .elementor-widget-empty-icon{position:absolute;top:0;bottom:0;left:0;right:0;margin:auto;padding:0;width:22px;height:22px}<\/style>\t\t<div class=\"elementor-spacer\">\n\t\t\t<div class=\"elementor-spacer-inner\"><\/div>\n\t\t<\/div>\n\t\t\t\t<\/div>\n\t\t\t\t<\/div>\n\t\t\t\t\t<\/div>\n\t\t<\/div>\n\t\t\t\t\t\t\t<\/div>\n\t\t<\/section>\n\t\t\t\t<section class=\"elementor-section elementor-top-section elementor-element elementor-element-537df29 elementor-section-boxed elementor-section-height-default elementor-section-height-default\" data-id=\"537df29\" data-element_type=\"section\">\n\t\t\t\t\t\t<div class=\"elementor-container elementor-column-gap-default\">\n\t\t\t\t\t<div class=\"elementor-column elementor-col-50 elementor-top-column elementor-element elementor-element-80433ac\" data-id=\"80433ac\" data-element_type=\"column\">\n\t\t\t<div class=\"elementor-widget-wrap elementor-element-populated\">\n\t\t\t\t\t\t\t\t<div class=\"elementor-element elementor-element-ad4c059 e-transform elementor-invisible elementor-widget elementor-widget-image\" data-id=\"ad4c059\" data-element_type=\"widget\" data-settings=\"{&quot;_animation&quot;:&quot;fadeInLeft&quot;,&quot;_transform_scale_effect_hover&quot;:{&quot;unit&quot;:&quot;px&quot;,&quot;size&quot;:1.020000000000000017763568394002504646778106689453125,&quot;sizes&quot;:[]},&quot;_transform_scale_effect_hover_tablet&quot;:{&quot;unit&quot;:&quot;px&quot;,&quot;size&quot;:&quot;&quot;,&quot;sizes&quot;:[]},&quot;_transform_scale_effect_hover_mobile&quot;:{&quot;unit&quot;:&quot;px&quot;,&quot;size&quot;:&quot;&quot;,&quot;sizes&quot;:[]}}\" data-widget_type=\"image.default\">\n\t\t\t\t<div class=\"elementor-widget-container\">\n\t\t\t<style>\/*! elementor - v3.16.0 - 20-09-2023 *\/\n.elementor-widget-image{text-align:center}.elementor-widget-image a{display:inline-block}.elementor-widget-image a img[src$=\".svg\"]{width:48px}.elementor-widget-image img{vertical-align:middle;display:inline-block}<\/style>\t\t\t\t\t\t\t\t\t\t\t\t<img loading=\"lazy\" decoding=\"async\" width=\"768\" height=\"528\" src=\"https:\/\/coldblueinvest.uk\/wp-content\/uploads\/2024\/10\/pexels-photo-460672-768x528.webp\" class=\"attachment-medium_large size-medium_large wp-image-1442\" alt=\"\" srcset=\"https:\/\/coldblueinvest.uk\/wp-content\/uploads\/2024\/10\/pexels-photo-460672-768x528.webp 768w, https:\/\/coldblueinvest.uk\/wp-content\/uploads\/2024\/10\/pexels-photo-460672-300x206.webp 300w, https:\/\/coldblueinvest.uk\/wp-content\/uploads\/2024\/10\/pexels-photo-460672-1024x705.webp 1024w, https:\/\/coldblueinvest.uk\/wp-content\/uploads\/2024\/10\/pexels-photo-460672.webp 1090w\" sizes=\"auto, (max-width: 768px) 100vw, 768px\" \/>\t\t\t\t\t\t\t\t\t\t\t\t\t\t\t<\/div>\n\t\t\t\t<\/div>\n\t\t\t\t\t<\/div>\n\t\t<\/div>\n\t\t\t\t<div class=\"elementor-column elementor-col-50 elementor-top-column elementor-element elementor-element-b53a677 elementor-invisible\" data-id=\"b53a677\" data-element_type=\"column\" data-settings=\"{&quot;animation&quot;:&quot;fadeInRight&quot;}\">\n\t\t\t<div class=\"elementor-widget-wrap elementor-element-populated\">\n\t\t\t\t\t\t\t\t<div class=\"elementor-element elementor-element-58ea18f elementor-widget elementor-widget-heading\" data-id=\"58ea18f\" data-element_type=\"widget\" data-widget_type=\"heading.default\">\n\t\t\t\t<div class=\"elementor-widget-container\">\n\t\t\t<style>\/*! elementor - v3.16.0 - 20-09-2023 *\/\n.elementor-heading-title{padding:0;margin:0;line-height:1}.elementor-widget-heading .elementor-heading-title[class*=elementor-size-]>a{color:inherit;font-size:inherit;line-height:inherit}.elementor-widget-heading .elementor-heading-title.elementor-size-small{font-size:15px}.elementor-widget-heading .elementor-heading-title.elementor-size-medium{font-size:19px}.elementor-widget-heading .elementor-heading-title.elementor-size-large{font-size:29px}.elementor-widget-heading .elementor-heading-title.elementor-size-xl{font-size:39px}.elementor-widget-heading .elementor-heading-title.elementor-size-xxl{font-size:59px}<\/style><h2 class=\"elementor-heading-title elementor-size-default\">Hakk\u0131m\u0131zda<\/h2>\t\t<\/div>\n\t\t\t\t<\/div>\n\t\t\t\t<div class=\"elementor-element elementor-element-725e2bc e-transform elementor-widget elementor-widget-heading\" data-id=\"725e2bc\" data-element_type=\"widget\" data-settings=\"{&quot;_transform_scale_effect_hover&quot;:{&quot;unit&quot;:&quot;px&quot;,&quot;size&quot;:1.020000000000000017763568394002504646778106689453125,&quot;sizes&quot;:[]},&quot;_transform_scale_effect_hover_tablet&quot;:{&quot;unit&quot;:&quot;px&quot;,&quot;size&quot;:&quot;&quot;,&quot;sizes&quot;:[]},&quot;_transform_scale_effect_hover_mobile&quot;:{&quot;unit&quot;:&quot;px&quot;,&quot;size&quot;:&quot;&quot;,&quot;sizes&quot;:[]}}\" data-widget_type=\"heading.default\">\n\t\t\t\t<div class=\"elementor-widget-container\">\n\t\t\t<h2 class=\"elementor-heading-title elementor-size-default\">G\u00fcvenli yat\u0131r\u0131mlarla gelece\u011finizi \u015fekillendirmenize yard\u0131mc\u0131 oluyoruz.<\/h2>\t\t<\/div>\n\t\t\t\t<\/div>\n\t\t\t\t<div class=\"elementor-element elementor-element-b86422c e-transform elementor-widget elementor-widget-text-editor\" data-id=\"b86422c\" data-element_type=\"widget\" data-settings=\"{&quot;_transform_scale_effect_hover&quot;:{&quot;unit&quot;:&quot;px&quot;,&quot;size&quot;:1.020000000000000017763568394002504646778106689453125,&quot;sizes&quot;:[]},&quot;_transform_scale_effect_hover_tablet&quot;:{&quot;unit&quot;:&quot;px&quot;,&quot;size&quot;:&quot;&quot;,&quot;sizes&quot;:[]},&quot;_transform_scale_effect_hover_mobile&quot;:{&quot;unit&quot;:&quot;px&quot;,&quot;size&quot;:&quot;&quot;,&quot;sizes&quot;:[]}}\" data-widget_type=\"text-editor.default\">\n\t\t\t\t<div class=\"elementor-widget-container\">\n\t\t\t<style>\/*! elementor - v3.16.0 - 20-09-2023 *\/\n.elementor-widget-text-editor.elementor-drop-cap-view-stacked .elementor-drop-cap{background-color:#69727d;color:#fff}.elementor-widget-text-editor.elementor-drop-cap-view-framed .elementor-drop-cap{color:#69727d;border:3px solid;background-color:transparent}.elementor-widget-text-editor:not(.elementor-drop-cap-view-default) .elementor-drop-cap{margin-top:8px}.elementor-widget-text-editor:not(.elementor-drop-cap-view-default) .elementor-drop-cap-letter{width:1em;height:1em}.elementor-widget-text-editor .elementor-drop-cap{float:left;text-align:center;line-height:1;font-size:50px}.elementor-widget-text-editor .elementor-drop-cap-letter{display:inline-block}<\/style>\t\t\t\t<p>Yat\u0131r\u0131mc\u0131lar\u0131m\u0131za, \u0130ngiltere genelinde yapacaklar\u0131 gayrimenkul yat\u0131r\u0131mlar\u0131 i\u00e7in dan\u0131\u015fmanl\u0131k hizmeti sunuyoruz.<\/p><p>2011 y\u0131l\u0131nda \u0130stanbul\u2019da kurulan CBI, 2016 y\u0131l\u0131ndan itibaren Londra\u2019da faaliyet g\u00f6stermektedir. Londra\u2019n\u0131n \u00f6nde gelen in\u015faat firmalar\u0131n\u0131n tamamlanm\u0131\u015f veya devam eden bir\u00e7ok konut projesini yat\u0131r\u0131mc\u0131larla bulu\u015fturmaktay\u0131z.<\/p><p>Londra\u2019da faaliyet g\u00f6steren firmam\u0131z, \u0130ngiltere\u2019nin en b\u00fcy\u00fck in\u015faat firmalar\u0131n\u0131n resmi acental\u0131\u011f\u0131n\u0131 yapmaktad\u0131r ve proje sat\u0131\u015flar\u0131nda yat\u0131r\u0131mc\u0131lar\u0131m\u0131zdan herhangi bir komisyon alm\u0131yoruz.<\/p><p>Barratt London, Berkeley Group, Galliard Homes gibi Londra\u2019n\u0131n \u00f6nde gelen in\u015faat firmalar\u0131n\u0131n resmi temsilcili\u011fini yap\u0131yoruz ve yat\u0131r\u0131m getirilerinizi maksimize etmenize yard\u0131mc\u0131 oluyoruz.<\/p>\t\t\t\t\t\t<\/div>\n\t\t\t\t<\/div>\n\t\t\t\t<div class=\"elementor-element elementor-element-c910ab3 e-transform elementor-widget elementor-widget-text-editor\" data-id=\"c910ab3\" data-element_type=\"widget\" data-settings=\"{&quot;_transform_scale_effect_hover&quot;:{&quot;unit&quot;:&quot;px&quot;,&quot;size&quot;:1.020000000000000017763568394002504646778106689453125,&quot;sizes&quot;:[]},&quot;_transform_scale_effect_hover_tablet&quot;:{&quot;unit&quot;:&quot;px&quot;,&quot;size&quot;:&quot;&quot;,&quot;sizes&quot;:[]},&quot;_transform_scale_effect_hover_mobile&quot;:{&quot;unit&quot;:&quot;px&quot;,&quot;size&quot;:&quot;&quot;,&quot;sizes&quot;:[]}}\" data-widget_type=\"text-editor.default\">\n\t\t\t\t<div class=\"elementor-widget-container\">\n\t\t\t\t\t\t\t\t\t\t\t\t\t<\/div>\n\t\t\t\t<\/div>\n\t\t\t\t\t<\/div>\n\t\t<\/div>\n\t\t\t\t\t\t\t<\/div>\n\t\t<\/section>\n\t\t\t\t\t\t\t<\/div>\n\t\t","protected":false},"excerpt":{"rendered":"<p>Hakk\u0131m\u0131zda G\u00fcvenli yat\u0131r\u0131mlarla gelece\u011finizi \u015fekillendirmenize yard\u0131mc\u0131 oluyoruz. Yat\u0131r\u0131mc\u0131lar\u0131m\u0131za, \u0130ngiltere genelinde yapacaklar\u0131 gayrimenkul yat\u0131r\u0131mlar\u0131 i\u00e7in dan\u0131\u015fmanl\u0131k hizmeti sunuyoruz. 2011 y\u0131l\u0131nda \u0130stanbul\u2019da kurulan CBI, 2016 y\u0131l\u0131ndan itibaren Londra\u2019da faaliyet g\u00f6stermektedir. Londra\u2019n\u0131n \u00f6nde gelen in\u015faat firmalar\u0131n\u0131n tamamlanm\u0131\u015f veya devam eden bir\u00e7ok konut projesini yat\u0131r\u0131mc\u0131larla bulu\u015fturmaktay\u0131z. Londra\u2019da faaliyet g\u00f6steren firmam\u0131z, \u0130ngiltere\u2019nin en b\u00fcy\u00fck in\u015faat firmalar\u0131n\u0131n resmi acental\u0131\u011f\u0131n\u0131 yapmaktad\u0131r ve [&hellip;]<\/p>\n","protected":false},"author":1,"featured_media":0,"parent":0,"menu_order":0,"comment_status":"closed","ping_status":"closed","template":"","meta":{"footnotes":""},"class_list":["post-59","page","type-page","status-publish","hentry","entry"],"aioseo_notices":[],"_links":{"self":[{"href":"https:\/\/coldblueinvest.uk\/index.php\/wp-json\/wp\/v2\/pages\/59","targetHints":{"allow":["GET"]}}],"collection":[{"href":"https:\/\/coldblueinvest.uk\/index.php\/wp-json\/wp\/v2\/pages"}],"about":[{"href":"https:\/\/coldblueinvest.uk\/index.php\/wp-json\/wp\/v2\/types\/page"}],"author":[{"embeddable":true,"href":"https:\/\/coldblueinvest.uk\/index.php\/wp-json\/wp\/v2\/users\/1"}],"replies":[{"embeddable":true,"href":"https:\/\/coldblueinvest.uk\/index.php\/wp-json\/wp\/v2\/comments?post=59"}],"version-history":[{"count":122,"href":"https:\/\/coldblueinvest.uk\/index.php\/wp-json\/wp\/v2\/pages\/59\/revisions"}],"predecessor-version":[{"id":1837,"href":"https:\/\/coldblueinvest.uk\/index.php\/wp-json\/wp\/v2\/pages\/59\/revisions\/1837"}],"wp:attachment":[{"href":"https:\/\/coldblueinvest.uk\/index.php\/wp-json\/wp\/v2\/media?parent=59"}],"curies":[{"name":"wp","href":"https:\/\/api.w.org\/{rel}","templated":true}]}}